{"id":148,"date":"2026-03-06T18:22:52","date_gmt":"2026-03-06T18:22:52","guid":{"rendered":"https:\/\/joaoalmeida.eu\/?page_id=148"},"modified":"2026-03-10T10:57:46","modified_gmt":"2026-03-10T10:57:46","slug":"recording-mixing-mastering","status":"publish","type":"page","link":"https:\/\/joaoalmeida.eu\/index.php\/recording-mixing-mastering\/","title":{"rendered":"recording\/ mixing\/ mastering"},"content":{"rendered":"<div class=\"rec-wrap\">\n<p class=\"rec-intro\">Recording, mixing and mastering services. Based in Lisbon.<br \/>\n<a href=\"https:\/\/joaoalmeida.eu\/index.php\/contacts\/\">Inquiries &#8211; contact<\/a><\/p>\n<ul style=\"list-style: none;\">\n<li style=\"padding: 3px 0;\"><a style=\"text-decoration: underline;\" href=\"https:\/\/joaoalmeida.bandcamp.com\/album\/take-down\" target=\"_blank\" rel=\"noopener\">Almeida \/ Dias \/ Marques \/ Wooley &#8216;Take Down&#8217; (Robalo)<\/a> \u2014 2026 \u2014 rec \/ mix \/ master<\/li>\n<li style=\"padding: 3px 0;\"><a style=\"text-decoration: underline;\" href=\"https:\/\/joaoalmeida.bandcamp.com\/album\/concord\" target=\"_blank\" rel=\"noopener\">Almeida \/ Carreiro \/ Pereira \/ Wooley &#8216;Concord&#8217; (Robalo)<\/a> \u2014 2026 \u2014 rec \/ mix \/ master<\/li>\n<li style=\"padding: 3px 0;\"><a style=\"text-decoration: underline;\" href=\"https:\/\/joaoalmeida.bandcamp.com\/album\/reuma\" target=\"_blank\" rel=\"noopener\">Jo\u00e3o Almeida &amp; Nate Wooley &#8216;Reuma&#8217; (Robalo)<\/a> \u2014 2026 \u2014 rec \/ mix \/ master<\/li>\n<li style=\"padding: 3px 0;\"><a style=\"text-decoration: underline;\" href=\"https:\/\/bernardotinoco.bandcamp.com\/album\/daya\" target=\"_blank\" rel=\"noopener\">Daya &#8216;Daya&#8217; (Robalo)<\/a> \u2014 2026 \u2014 rec<\/li>\n<li style=\"padding: 3px 0;\"><a style=\"text-decoration: underline;\" href=\"https:\/\/facadarecords.bandcamp.com\/album\/lulu\" target=\"_blank\" rel=\"noopener\">Raquel Lima &#8216;\u00dalulu&#8217; *audio-livro (Facada Records)<\/a> \u2014 2026 \u2014 rec \/ mix \/ master<\/li>\n<li style=\"padding: 3px 0;\"><a style=\"text-decoration: underline;\" href=\"https:\/\/jcarreiro.bandcamp.com\/album\/ii\" target=\"_blank\" rel=\"noopener\">Jo\u00e3o Carreiro &#8216;II&#8217; (self-release)<\/a> \u2014 2025 \u2014 rec<\/li>\n<li style=\"padding: 3px 0;\"><a style=\"text-decoration: underline;\" href=\"https:\/\/jcarreiro.bandcamp.com\/album\/i\" target=\"_blank\" rel=\"noopener\">Jo\u00e3o Carreiro &#8216;I&#8217; (self-release)<\/a> \u2014 2025 \u2014 rec<\/li>\n<li style=\"padding: 3px 0;\"><a style=\"text-decoration: underline;\" href=\"https:\/\/joaoalmeida.bandcamp.com\/album\/loop-beat\" target=\"_blank\" rel=\"noopener\">Hocus &#8216;Loop Beat&#8217; (Cora\u00e7\u00e3o De Boi)<\/a> \u2014 2025 \u2014 mix \/ master<\/li>\n<li style=\"padding: 3px 0;\"><a style=\"text-decoration: underline;\" href=\"https:\/\/facadarecords.bandcamp.com\/album\/impeachment\" target=\"_blank\" rel=\"noopener\">Peachfuzz &#8216;Impeachment&#8217; (Facada Records)<\/a> \u2014 2025 \u2014 rec \/ mix<\/li>\n<li style=\"padding: 3px 0;\"><a style=\"text-decoration: underline;\" href=\"https:\/\/hernanifaustino.bandcamp.com\/album\/hide-and-seek\" target=\"_blank\" rel=\"noopener\">Hern\u00e2ni Faustino &#8216;Hide and Seek&#8217; (Robalo)<\/a> \u2014 2025 \u2014 rec \/ mix<\/li>\n<li style=\"padding: 3px 0;\"><a style=\"text-decoration: underline;\" href=\"https:\/\/facadarecords.bandcamp.com\/album\/devo-o\" target=\"_blank\" rel=\"noopener\">Lucif\u00e9cit &#8216;Devo\u00e7\u00e3o&#8217; (Facada Records)<\/a> \u2014 2025 \u2014 rec \/ mix \/ master<\/li>\n<li style=\"padding: 3px 0;\"><a style=\"text-decoration: underline;\" href=\"https:\/\/johnedwards.bandcamp.com\/album\/lisbon-solo-2\" target=\"_blank\" rel=\"noopener\">John Edwards &#8216;Lisbon Solo&#8217; (Robalo)<\/a> \u2014 2025 \u2014 rec \/ mix \/ master<\/li>\n<li style=\"padding: 3px 0;\"><a style=\"text-decoration: underline;\" href=\"https:\/\/facadarecords.bandcamp.com\/album\/r-dio-um-osso\" target=\"_blank\" rel=\"noopener\">Raquel Lima &amp; Yaw Tembe &#8216;R\u00e1dio \u00e9 um Osso&#8217; (Facada Records)<\/a> \u2014 2024 \u2014 mix<\/li>\n<li style=\"padding: 3px 0;\"><a style=\"text-decoration: underline;\" href=\"https:\/\/facadarecords.bandcamp.com\/album\/abrigos\" target=\"_blank\" rel=\"noopener\">Norberto Lobo &amp; Yaw Tembe &#8216;Abrigos&#8217; (Facada Records)<\/a> \u2014 2024 \u2014 mix<\/li>\n<li style=\"padding: 3px 0;\"><a style=\"text-decoration: underline;\" href=\"https:\/\/garfomusic.bandcamp.com\/album\/rdia\" target=\"_blank\" rel=\"noopener\">GARFO &#8216;\u00d3rdia&#8217; (Robalo)<\/a> \u2014 2024 \u2014 rec<\/li>\n<li style=\"padding: 3px 0;\"><a style=\"text-decoration: underline;\" href=\"https:\/\/natanieledelman.bandcamp.com\/album\/en-vivo-en-lisboa\" target=\"_blank\" rel=\"noopener\">Nataniel Edelman Trio &#8216;En vivo en Lisboa&#8217; (Robalo)<\/a> \u2014 2024 \u2014 rec<\/li>\n<li style=\"padding: 3px 0;\"><a style=\"text-decoration: underline;\" href=\"https:\/\/beamsplitter.bandcamp.com\/album\/wrists-out\" target=\"_blank\" rel=\"noopener\">Beam Splitter + Phil Minton &#8216;Wrists Out&#8217; (Robalo)<\/a> \u2014 2024 \u2014 rec<\/li>\n<li style=\"padding: 3px 0;\"><a style=\"text-decoration: underline;\" href=\"https:\/\/joaoalmeida.bandcamp.com\/album\/do-i-know-you\" target=\"_blank\" rel=\"noopener\">Hocus &#8216;Do I Know You?&#8217; (self-released)<\/a> \u2014 2024 \u2014 rec \/ mix \/ master<\/li>\n<li style=\"padding: 3px 0;\"><a style=\"text-decoration: underline;\" href=\"https:\/\/joaoalmeida.bandcamp.com\/album\/pain-levels-out\" target=\"_blank\" rel=\"noopener\">Hocus &#8216;Pain Levels Out&#8217; (self-released)<\/a> \u2014 2024 \u2014 rec \/ mix \/ master<\/li>\n<li style=\"padding: 3px 0;\"><a style=\"text-decoration: underline;\" href=\"https:\/\/carapodre.bandcamp.com\/album\/fist-fight\" target=\"_blank\" rel=\"noopener\">Fist Fight (Cara Podre)<\/a> \u2014 2023 \u2014 rec<\/li>\n<li style=\"padding: 3px 0;\"><a style=\"text-decoration: underline;\" href=\"https:\/\/carapodre.bandcamp.com\/album\/being-caught-by-the-devil\" target=\"_blank\" rel=\"noopener\">Being Caught by the Devil (Cara Podre)<\/a> \u2014 2023 \u2014 rec<\/li>\n<li style=\"padding: 3px 0;\"><a style=\"text-decoration: underline;\" href=\"https:\/\/joaoalmeida.bandcamp.com\/album\/intolerance\" target=\"_blank\" rel=\"noopener\">Hocus &#8216;Intolerance&#8217; (self-released)<\/a> \u2014 2023 \u2014 rec \/ mix \/ master<\/li>\n<li style=\"padding: 3px 0;\"><a style=\"text-decoration: underline;\" href=\"https:\/\/joaoalmeida.bandcamp.com\/album\/noise-complaint\" target=\"_blank\" rel=\"noopener\">Hocus &#8216;Noise Complaint&#8217; (self-released)<\/a> \u2014 2023 \u2014 rec \/ mix \/ master<\/li>\n<li style=\"padding: 3px 0;\"><a style=\"text-decoration: underline;\" href=\"https:\/\/joaoalmeida.bandcamp.com\/album\/peachinguinha\" target=\"_blank\" rel=\"noopener\">Peachfuzz &#8216;Peachinguinha&#8217; (Silent Water)<\/a> \u2014 2022 \u2014 rec<\/li>\n<\/ul>\n<\/div>\n","protected":false},"excerpt":{"rendered":"<p>Recording, mixing and mastering services. Based in Lisbon. Inquiries &#8211; contact Almeida \/ Dias \/ Marques \/ Wooley &#8216;Take Down&#8217; (Robalo) \u2014 2026 \u2014 rec \/ mix \/ master Almeida \/ Carreiro \/ Pereira \/ Wooley &#8216;Concord&#8217; (Robalo) \u2014 2026 \u2014 rec \/ mix \/ master Jo\u00e3o Almeida &amp; Nate Wooley &#8216;Reuma&#8217; (Robalo) \u2014 2026 [&hellip;]<\/p>\n","protected":false},"author":1,"featured_media":0,"parent":0,"menu_order":0,"comment_status":"closed","ping_status":"closed","template":"","meta":{"footnotes":""},"class_list":["post-148","page","type-page","status-publish","hentry"],"_links":{"self":[{"href":"https:\/\/joaoalmeida.eu\/index.php\/wp-json\/wp\/v2\/pages\/148","targetHints":{"allow":["GET"]}}],"collection":[{"href":"https:\/\/joaoalmeida.eu\/index.php\/wp-json\/wp\/v2\/pages"}],"about":[{"href":"https:\/\/joaoalmeida.eu\/index.php\/wp-json\/wp\/v2\/types\/page"}],"author":[{"embeddable":true,"href":"https:\/\/joaoalmeida.eu\/index.php\/wp-json\/wp\/v2\/users\/1"}],"replies":[{"embeddable":true,"href":"https:\/\/joaoalmeida.eu\/index.php\/wp-json\/wp\/v2\/comments?post=148"}],"version-history":[{"count":23,"href":"https:\/\/joaoalmeida.eu\/index.php\/wp-json\/wp\/v2\/pages\/148\/revisions"}],"predecessor-version":[{"id":405,"href":"https:\/\/joaoalmeida.eu\/index.php\/wp-json\/wp\/v2\/pages\/148\/revisions\/405"}],"wp:attachment":[{"href":"https:\/\/joaoalmeida.eu\/index.php\/wp-json\/wp\/v2\/media?parent=148"}],"curies":[{"name":"wp","href":"https:\/\/api.w.org\/{rel}","templated":true}]}}