{"id":142,"date":"2026-03-06T18:22:17","date_gmt":"2026-03-06T18:22:17","guid":{"rendered":"https:\/\/joaoalmeida.eu\/?page_id=142"},"modified":"2026-03-09T15:49:01","modified_gmt":"2026-03-09T15:49:01","slug":"shop","status":"publish","type":"page","link":"https:\/\/joaoalmeida.eu\/index.php\/shop\/","title":{"rendered":"shop"},"content":{"rendered":"<div class=\"shop-grid\">\n<div class=\"shop-item\">\n      <a href=\"https:\/\/facadarecords.bandcamp.com\/album\/impeachment\" target=\"_blank\"><br \/>\n        <img decoding=\"async\" src=\"http:\/\/joaoalmeida.eu\/wp-content\/uploads\/2026\/03\/impeachment.jpg\" style=\"width:100%;aspect-ratio:1;object-fit:cover;display:block;margin-bottom:8px;\"><br \/>\n        <span class=\"shop-title\">Peachfuzz &#8216;Impeachment&#8217;<\/span><br \/>\n        <span class=\"shop-meta\">Facada Records | 2025 | CD<\/span><br \/>\n      <\/a>\n    <\/div>\n<div class=\"shop-item\">\n      <a href=\"https:\/\/facadarecords.bandcamp.com\/album\/devo-o\" target=\"_blank\"><br \/>\n               <img decoding=\"async\" src=\"http:\/\/joaoalmeida.eu\/wp-content\/uploads\/2026\/03\/a3167600662_16.jpg\" style=\"width:100%;aspect-ratio:1;object-fit:cover;display:block;margin-bottom:8px;\"><br \/>\n        <span class=\"shop-title\">Lucif\u00e9cit &#8216;Devo\u00e7\u00e3o&#8217;<\/span><br \/>\n        <span class=\"shop-meta\">Facada Records | 2025 | CD<\/span><br \/>\n      <\/a>\n    <\/div>\n<div class=\"shop-item\">\n      <a href=\"https:\/\/joaoalmeida.bandcamp.com\/album\/loop-beat\" target=\"_blank\"><br \/>\n        <img decoding=\"async\" src=\"http:\/\/joaoalmeida.eu\/wp-content\/uploads\/2026\/03\/loop-beat.jpg\" style=\"width:100%;aspect-ratio:1;object-fit:cover;display:block;margin-bottom:8px;\"><br \/>\n        <span class=\"shop-title\">Hocus &#8216;Loop Beat&#8217;<\/span><br \/>\n        <span class=\"shop-meta\">Cora\u00e7\u00e3o De Boi | 2025 | CD<\/span><br \/>\n      <\/a>\n    <\/div>\n<div class=\"shop-item\">\n      <a href=\"https:\/\/garfomusic.bandcamp.com\/album\/rdia\" target=\"_blank\"><br \/>\n       <img decoding=\"async\" src=\"http:\/\/joaoalmeida.eu\/wp-content\/uploads\/2026\/03\/ordia.jpg\" style=\"width:100%;aspect-ratio:1;object-fit:cover;display:block;margin-bottom:8px;\"><br \/>\n        <span class=\"shop-title\">GARFO &#8216;\u00d3rdia&#8217;<\/span><br \/>\n        <span class=\"shop-meta\">Robalo | 2024 | CD<\/span><br \/>\n      <\/a>\n    <\/div>\n<div class=\"shop-item\">\n      <a href=\"https:\/\/facadarecords.bandcamp.com\/album\/cromelech\" target=\"_blank\"><br \/>\n         <img decoding=\"async\" src=\"http:\/\/joaoalmeida.eu\/wp-content\/uploads\/2026\/03\/cromelech.jpg\" style=\"width:100%;aspect-ratio:1;object-fit:cover;display:block;margin-bottom:8px;\"><br \/>\n        <span class=\"shop-title\">Deriva &#8216;Cromelech&#8217;<\/span><br \/>\n        <span class=\"shop-meta\">Facada Records | 2024 | tape<\/span><br \/>\n      <\/a>\n    <\/div>\n<div class=\"shop-item\">\n      <a href=\"https:\/\/joaoalmeida.bandcamp.com\/album\/i\" target=\"_blank\"><br \/>\n        <img decoding=\"async\" src=\"http:\/\/joaoalmeida.eu\/wp-content\/uploads\/2026\/03\/morris.jpg\" style=\"width:100%;aspect-ratio:1;object-fit:cover;display:block;margin-bottom:8px;\"><br \/>\n        <span class=\"shop-title\">MOORIS &#8216;I&#8217;<\/span><br \/>\n        <span class=\"shop-meta\">Holuzam | 2023 | vinyl<\/span><br \/>\n      <\/a>\n    <\/div>\n<div class=\"shop-item\">\n      <a href=\"https:\/\/joaoalmeida.bandcamp.com\/album\/gonzo\" target=\"_blank\"><br \/>\n        <img decoding=\"async\" src=\"http:\/\/joaoalmeida.eu\/wp-content\/uploads\/2026\/03\/a4041055627_16.jpg\" style=\"width:100%;aspect-ratio:1;object-fit:cover;display:block;margin-bottom:8px;\"><br \/>\n        <span class=\"shop-title\">GONZO &#8216;GONZO&#8217;<\/span><br \/>\n        <span class=\"shop-meta\">Cora\u00e7\u00e3o de Boi | 2023 | tape<\/span><br \/>\n      <\/a>\n    <\/div>\n<div class=\"shop-item\">\n      <a href=\"https:\/\/joaoalmeida.bandcamp.com\/album\/class-complex\" target=\"_blank\"><br \/>\n         <img decoding=\"async\" src=\"http:\/\/joaoalmeida.eu\/wp-content\/uploads\/2026\/03\/class-complex.jpg\" style=\"width:100%;aspect-ratio:1;object-fit:cover;display:block;margin-bottom:8px;\"><br \/>\n        <span class=\"shop-title\">Hocus &#8216;CLASS COMPLEX&#8217;<\/span><br \/>\n        <span class=\"shop-meta\">Cara Podre | 2022 | tape<\/span><br \/>\n      <\/a>\n    <\/div>\n<div class=\"shop-item\" style=\"opacity:0.4;\">\n      <a href=\"https:\/\/joaoalmeida.bandcamp.com\/album\/narrow\" target=\"_blank\"><br \/>\n          <img decoding=\"async\" src=\"http:\/\/joaoalmeida.eu\/wp-content\/uploads\/2026\/03\/narrow.jpg\" style=\"width:100%;aspect-ratio:1;object-fit:cover;display:block;margin-bottom:8px;\"><br \/>\n        <span class=\"shop-title\">Hocus &#8216;Narrow&#8217;<\/span><br \/>\n        <span class=\"shop-meta\">CCA | 2022 | tape<\/span><br \/>\n        <span class=\"shop-sold\">sold out<\/span><br \/>\n      <\/a>\n    <\/div>\n<div class=\"shop-item\">\n      <a href=\"https:\/\/joaoalmeida.bandcamp.com\/album\/peachinguinha\" target=\"_blank\"><br \/>\n          <img decoding=\"async\" src=\"http:\/\/joaoalmeida.eu\/wp-content\/uploads\/2026\/03\/peachinguinha.jpg\" style=\"width:100%;aspect-ratio:1;object-fit:cover;display:block;margin-bottom:8px;\"><br \/>\n        <span class=\"shop-title\">Peachfuzz &#8216;Peachinguinha&#8217;<\/span><br \/>\n        <span class=\"shop-meta\">Silent Water | 2022 | CD<\/span><br \/>\n      <\/a>\n    <\/div>\n<div class=\"shop-item\">\n      <a href=\"https:\/\/multikultiproject.bandcamp.com\/album\/the-caldas-concert-live-at-igreja-do-esp-rito-santo\" target=\"_blank\"><br \/>\n       <img decoding=\"async\" src=\"http:\/\/joaoalmeida.eu\/wp-content\/uploads\/2026\/03\/caldas.jpg\" style=\"width:100%;aspect-ratio:1;object-fit:cover;display:block;margin-bottom:8px;\"><br \/>\n        <span class=\"shop-title\">The Caldas Concert &#8216;Live at Igreja do Esp\u00edrito Santo&#8217;<\/span><br \/>\n        <span class=\"shop-meta\">SMTS | 2022 | CD<\/span><br \/>\n      <\/a>\n    <\/div>\n<div class=\"shop-item\">\n      <a href=\"https:\/\/garfomusic.bandcamp.com\/album\/garfo\" target=\"_blank\"><br \/>\n         <img decoding=\"async\" src=\"http:\/\/joaoalmeida.eu\/wp-content\/uploads\/2026\/03\/garfo.jpg\" style=\"width:100%;aspect-ratio:1;object-fit:cover;display:block;margin-bottom:8px;\"><br \/>\n        <span class=\"shop-title\">GARFO &#8216;GARFO&#8217;<\/span><br \/>\n        <span class=\"shop-meta\">Clean Feed | 2021 | CD<\/span><br \/>\n      <\/a>\n    <\/div>\n<div class=\"shop-item\">\n      <a href=\"https:\/\/joaoalmeida.bandcamp.com\/album\/ground-unit\" target=\"_blank\"><br \/>\n             <img decoding=\"async\" src=\"http:\/\/joaoalmeida.eu\/wp-content\/uploads\/2026\/03\/ground.jpg\" style=\"width:100%;aspect-ratio:1;object-fit:cover;display:block;margin-bottom:8px;\"><br \/>\n        <span class=\"shop-title\">Ground Unit w\/ Tiago Paiva<\/span><br \/>\n        <span class=\"shop-meta\">self-released | 2021 | CD<\/span><br \/>\n      <\/a>\n    <\/div>\n<div class=\"shop-item\">\n      <a href=\"https:\/\/joaoalmeida.bandcamp.com\/album\/miniatures\" target=\"_blank\"><br \/>\n        <img decoding=\"async\" src=\"http:\/\/joaoalmeida.eu\/wp-content\/uploads\/2026\/03\/miniatures.jpg\" style=\"width:100%;aspect-ratio:1;object-fit:cover;display:block;margin-bottom:8px;\"><br \/>\n        <span class=\"shop-title\">Miniatures w\/ Pedro Massarr\u00e3o<\/span><br \/>\n        <span class=\"shop-meta\">self-released | 2021 | CD<\/span><br \/>\n      <\/a>\n    <\/div>\n<div class=\"shop-item\">\n      <a href=\"https:\/\/joaoalmeida.bandcamp.com\/album\/solo-sessions\" target=\"_blank\"><br \/>\n        <img decoding=\"async\" src=\"http:\/\/joaoalmeida.eu\/wp-content\/uploads\/2026\/03\/solo-sessions.jpg\" style=\"width:100%;aspect-ratio:1;object-fit:cover;display:block;margin-bottom:8px;\"><br \/>\n        <span class=\"shop-title\">Solo Sessions *llll<\/span><br \/>\n        <span class=\"shop-meta\">self-released | 2020 | CD<\/span><br \/>\n      <\/a>\n    <\/div>\n<\/p><\/div>\n<\/div>\n","protected":false},"excerpt":{"rendered":"<p>Peachfuzz &#8216;Impeachment&#8217; Facada Records | 2025 | CD Lucif\u00e9cit &#8216;Devo\u00e7\u00e3o&#8217; Facada Records | 2025 | CD Hocus &#8216;Loop Beat&#8217; Cora\u00e7\u00e3o De Boi | 2025 | CD GARFO &#8216;\u00d3rdia&#8217; Robalo | 2024 | CD Deriva &#8216;Cromelech&#8217; Facada Records | 2024 | tape MOORIS &#8216;I&#8217; Holuzam | 2023 | vinyl GONZO &#8216;GONZO&#8217; Cora\u00e7\u00e3o de Boi | 2023 [&hellip;]<\/p>\n","protected":false},"author":1,"featured_media":0,"parent":0,"menu_order":0,"comment_status":"closed","ping_status":"closed","template":"","meta":{"footnotes":""},"class_list":["post-142","page","type-page","status-publish","hentry"],"_links":{"self":[{"href":"https:\/\/joaoalmeida.eu\/index.php\/wp-json\/wp\/v2\/pages\/142","targetHints":{"allow":["GET"]}}],"collection":[{"href":"https:\/\/joaoalmeida.eu\/index.php\/wp-json\/wp\/v2\/pages"}],"about":[{"href":"https:\/\/joaoalmeida.eu\/index.php\/wp-json\/wp\/v2\/types\/page"}],"author":[{"embeddable":true,"href":"https:\/\/joaoalmeida.eu\/index.php\/wp-json\/wp\/v2\/users\/1"}],"replies":[{"embeddable":true,"href":"https:\/\/joaoalmeida.eu\/index.php\/wp-json\/wp\/v2\/comments?post=142"}],"version-history":[{"count":8,"href":"https:\/\/joaoalmeida.eu\/index.php\/wp-json\/wp\/v2\/pages\/142\/revisions"}],"predecessor-version":[{"id":340,"href":"https:\/\/joaoalmeida.eu\/index.php\/wp-json\/wp\/v2\/pages\/142\/revisions\/340"}],"wp:attachment":[{"href":"https:\/\/joaoalmeida.eu\/index.php\/wp-json\/wp\/v2\/media?parent=142"}],"curies":[{"name":"wp","href":"https:\/\/api.w.org\/{rel}","templated":true}]}}