{"id":139,"date":"2026-03-06T18:21:57","date_gmt":"2026-03-06T18:21:57","guid":{"rendered":"https:\/\/joaoalmeida.eu\/?page_id=139"},"modified":"2026-03-10T22:14:43","modified_gmt":"2026-03-10T22:14:43","slug":"calendar","status":"publish","type":"page","link":"https:\/\/joaoalmeida.eu\/index.php\/calendar\/","title":{"rendered":"calendar"},"content":{"rendered":"<div style=\"padding: 60px 18px 80px; max-width: 620px; margin: 0 0 0 42%;\">\n<div style=\"font-size: 22px; font-weight: bold; margin-bottom: 16px;\">2026<\/div>\n<div style=\"margin-bottom: 16px;\"><span style=\"display: block;\">mar 19<\/span><span style=\"display: block; font-weight: bold;\">Peixe-Espada<\/span><span style=\"display: block;\">Caf\u00e9 Dias | Lisboa, PT<\/p>\n<p><\/span><span style=\"display: block;\">mar 9 \u2013 14<\/span><span style=\"display: block; font-weight: bold;\">Ensemble of Other Living Beings Residency<\/span><span style=\"display: block;\">OSSO \u2013 Associa\u00e7\u00e3o Cultural | S\u00e3o Greg\u00f3rio, PT<\/span><\/div>\n<div style=\"margin-bottom: 16px;\"><span style=\"display: block;\">mar 6<\/span><span style=\"display: block; font-weight: bold;\">Akira Sakata 4tet<\/span><span style=\"display: block;\">Teatro do Bairro Alto | Lisboa, PT<\/span><\/div>\n<div style=\"margin-bottom: 16px;\"><span style=\"display: block;\">fev 22<\/span><span style=\"display: block; font-weight: bold;\">Other People<\/span><span style=\"display: block;\">House Concert | Torres Vedras, PT<\/span><span style=\"display: block; font-size: 14px;\">w\/ Michael Formanek, Jo\u00e3o Carreiro and Jo\u00e3o Pereira<\/span><\/div>\n<div style=\"margin-bottom: 16px;\"><span style=\"display: block;\">fev 19<\/span><span style=\"display: block; font-weight: bold;\">Other People<\/span><span style=\"display: block;\">Caf\u00e9 Dias | Lisboa, PT<\/span><span style=\"display: block; font-size: 14px;\">w\/ Michael Formanek, Jo\u00e3o Carreiro and Jo\u00e3o Pereira<\/span><\/div>\n<div style=\"margin-bottom: 16px;\"><span style=\"display: block;\">jan 17<\/span><span style=\"display: block; font-weight: bold;\">GARFO<\/span><span style=\"display: block;\">Orbits Festival | Amsterdam, NL<\/span><\/div>\n<div style=\"margin-bottom: 16px;\"><span style=\"display: block;\">jan 16<\/span><span style=\"display: block; font-weight: bold;\">GARFO<\/span><span style=\"display: block;\">Sala Baga\u00e7o | Brussels, BE<\/span><\/div>\n<div style=\"margin-bottom: 16px;\"><span style=\"display: block;\">jan 10 \u2013 14<\/span><span style=\"display: block; font-weight: bold;\">Ensemble of Other Living Beings Residency<\/span><span style=\"display: block;\">PENHA SCO | Lisboa, PT<\/span><\/div>\n<div style=\"font-size: 22px; font-weight: bold; margin: 28px 0 16px; color: #aaa;\">2025<\/div>\n<div style=\"margin-bottom: 16px; color: #aaa;\"><span style=\"display: block;\">aug 2<\/span><span style=\"display: block; font-weight: bold;\">HOCUS<\/span><span style=\"display: block;\">No Noise Fest | Porto<\/span><\/div>\n<div style=\"margin-bottom: 16px; color: #aaa;\"><span style=\"display: block;\">may 24<\/span><span style=\"display: block; font-weight: bold;\">ROJI<\/span><span style=\"display: block;\">Bar Isshee | Tokyo<\/span><\/div>\n<div style=\"margin-bottom: 16px; color: #aaa;\"><span style=\"display: block;\">may 23<\/span><span style=\"display: block; font-weight: bold;\">ROJI<\/span><span style=\"display: block;\">Bar Isshee | Tokyo<\/span><\/div>\n<div style=\"margin-bottom: 16px; color: #aaa;\"><span style=\"display: block;\">may 22<\/span><span style=\"display: block; font-weight: bold;\">ROJI<\/span><span style=\"display: block;\">ToBeAnnounced | Japan<\/span><\/div>\n<div style=\"margin-bottom: 16px; color: #aaa;\"><span style=\"display: block;\">may 21<\/span><span style=\"display: block; font-weight: bold;\">ROJI<\/span><span style=\"display: block;\">Helluva Lounge | Kobe<\/span><\/div>\n<div style=\"margin-bottom: 16px; color: #aaa;\"><span style=\"display: block;\">may 20<\/span><span style=\"display: block; font-weight: bold;\">ROJI<\/span><span style=\"display: block;\">ToBeAnnounced | Japan<\/span><\/div>\n<div style=\"margin-bottom: 16px; color: #aaa;\"><span style=\"display: block;\">may 19<\/span><span style=\"display: block; font-weight: bold;\">ROJI<\/span><span style=\"display: block;\">Hokage | Osaka<\/span><\/div>\n<div style=\"margin-bottom: 16px; color: #aaa;\"><span style=\"display: block;\">may 18<\/span><span style=\"display: block; font-weight: bold;\">ROJI<\/span><span style=\"display: block;\">ToBeAnnounced | Japan<\/span><\/div>\n<div style=\"margin-bottom: 16px; color: #aaa;\"><span style=\"display: block;\">may 17<\/span><span style=\"display: block; font-weight: bold;\">ROJI<\/span><span style=\"display: block;\">Soup | Tokyo<\/span><\/div>\n<div style=\"margin-bottom: 16px; color: #aaa;\"><span style=\"display: block;\">may 16<\/span><span style=\"display: block; font-weight: bold;\">ROJI<\/span><span style=\"display: block;\">Candy | Chiba<\/span><\/div>\n<div style=\"margin-bottom: 16px; color: #aaa;\"><span style=\"display: block;\">may 15<\/span><span style=\"display: block; font-weight: bold;\">ROJI<\/span><span style=\"display: block;\">Antiknock | Tokyo<\/span><\/div>\n<div style=\"margin-bottom: 16px; color: #aaa;\"><span style=\"display: block;\">may 3<\/span><span style=\"display: block; font-weight: bold;\">GARFO<\/span><span style=\"display: block;\">Meidinerz Jazz Club | Ast\u00farias<\/span><\/div>\n<div style=\"margin-bottom: 16px; color: #aaa;\"><span style=\"display: block;\">may 2<\/span><span style=\"display: block; font-weight: bold;\">GARFO<\/span><span style=\"display: block;\">Jazz Filloa | A Coru\u00f1a<\/span><\/div>\n<div style=\"margin-bottom: 16px; color: #aaa;\"><span style=\"display: block;\">may 1<\/span><span style=\"display: block; font-weight: bold;\">GARFO<\/span><span style=\"display: block;\">Hotelier | Porto<\/span><\/div>\n<div style=\"margin-bottom: 16px; color: #aaa;\"><span style=\"display: block;\">feb 14<\/span><span style=\"display: block; font-weight: bold;\">GARFO + George Dumitriu<\/span><span style=\"display: block;\">Festival de Jazz de Set\u00fabal | Set\u00fabal<\/span><\/div>\n<div style=\"margin-bottom: 16px; color: #aaa;\"><span style=\"display: block;\">feb 1<\/span><span style=\"display: block; font-weight: bold;\">FRAGOSO QUINTETO<\/span><span style=\"display: block;\">Festival Porta-Jazz | Porto<\/span><\/div>\n<div style=\"margin-bottom: 16px; color: #aaa;\"><span style=\"display: block;\">jan 19<\/span><span style=\"display: block; font-weight: bold;\">Almeida\/Cipriano<\/span><span style=\"display: block;\">PENHA SCO | Lisboa<\/span><\/div>\n<\/div>\n","protected":false},"excerpt":{"rendered":"<p>2026 mar 19Peixe-EspadaCaf\u00e9 Dias | Lisboa, PT mar 9 \u2013 14Ensemble of Other Living Beings ResidencyOSSO \u2013 Associa\u00e7\u00e3o Cultural | S\u00e3o Greg\u00f3rio, PT mar 6Akira Sakata 4tetTeatro do Bairro Alto | Lisboa, PT fev 22Other PeopleHouse Concert | Torres Vedras, PTw\/ Michael Formanek, Jo\u00e3o Carreiro and Jo\u00e3o Pereira fev 19Other PeopleCaf\u00e9 Dias | Lisboa, PTw\/ [&hellip;]<\/p>\n","protected":false},"author":1,"featured_media":0,"parent":0,"menu_order":0,"comment_status":"closed","ping_status":"closed","template":"","meta":{"footnotes":""},"class_list":["post-139","page","type-page","status-publish","hentry"],"_links":{"self":[{"href":"https:\/\/joaoalmeida.eu\/index.php\/wp-json\/wp\/v2\/pages\/139","targetHints":{"allow":["GET"]}}],"collection":[{"href":"https:\/\/joaoalmeida.eu\/index.php\/wp-json\/wp\/v2\/pages"}],"about":[{"href":"https:\/\/joaoalmeida.eu\/index.php\/wp-json\/wp\/v2\/types\/page"}],"author":[{"embeddable":true,"href":"https:\/\/joaoalmeida.eu\/index.php\/wp-json\/wp\/v2\/users\/1"}],"replies":[{"embeddable":true,"href":"https:\/\/joaoalmeida.eu\/index.php\/wp-json\/wp\/v2\/comments?post=139"}],"version-history":[{"count":19,"href":"https:\/\/joaoalmeida.eu\/index.php\/wp-json\/wp\/v2\/pages\/139\/revisions"}],"predecessor-version":[{"id":411,"href":"https:\/\/joaoalmeida.eu\/index.php\/wp-json\/wp\/v2\/pages\/139\/revisions\/411"}],"wp:attachment":[{"href":"https:\/\/joaoalmeida.eu\/index.php\/wp-json\/wp\/v2\/media?parent=139"}],"curies":[{"name":"wp","href":"https:\/\/api.w.org\/{rel}","templated":true}]}}