{"id":133,"date":"2026-03-06T18:20:31","date_gmt":"2026-03-06T18:20:31","guid":{"rendered":"https:\/\/joaoalmeida.eu\/?page_id=133"},"modified":"2026-03-12T11:42:48","modified_gmt":"2026-03-12T11:42:48","slug":"project_garfo","status":"publish","type":"page","link":"https:\/\/joaoalmeida.eu\/index.php\/projects\/project_garfo\/","title":{"rendered":"project_garfo"},"content":{"rendered":"<div style=\"display: flex; padding: 50px 18px 80px;\">\n<div><\/div>\n<div><\/div>\n<div><\/div>\n<div><\/div>\n<div><\/div>\n<div><\/div>\n<div><\/div>\n<div><\/div>\n<div><\/div>\n<div style=\"width: 42%; flex-shrink: 0;\"><img fetchpriority=\"high\" decoding=\"async\" class=\"alignnone wp-image-331\" src=\"http:\/\/joaoalmeida.eu\/wp-content\/uploads\/2026\/03\/projects_garfo_joaohasselberg-257x300.jpg\" alt=\"\" width=\"335\" height=\"391\" srcset=\"https:\/\/joaoalmeida.eu\/wp-content\/uploads\/2026\/03\/projects_garfo_joaohasselberg-257x300.jpg 257w, https:\/\/joaoalmeida.eu\/wp-content\/uploads\/2026\/03\/projects_garfo_joaohasselberg-877x1024.jpg 877w, https:\/\/joaoalmeida.eu\/wp-content\/uploads\/2026\/03\/projects_garfo_joaohasselberg-768x897.jpg 768w\" sizes=\"(max-width: 335px) 100vw, 335px\" \/><\/div>\n<div style=\"flex: 1; padding: 40px 40px 40px 40px; max-width: 620px;\">\n<p><a style=\"text-decoration: underline; font-size: 15px; display: block; margin-bottom: 28px;\" href=\"https:\/\/joaoalmeida.eu\/index.php\/projects\/\">\u2190 projects<\/a><\/p>\n<p style=\"font-weight: bold; margin-bottom: 8px;\">GARFO<\/p>\n<p><span style=\"font-weight: 400;\">They play empathetic music, with intriguing structures and cross bars, with lots of free improvisation to open up horizons.<\/span><\/p>\n<p><span style=\"font-weight: 400;\">Bernardo Tinoco &#8211; tenor saxophone<br \/>\n<\/span><span style=\"font-weight: 400;\">Jo\u00e3o Almeida &#8211; trumpet<br \/>\n<\/span><span style=\"font-weight: 400;\">Jo\u00e3o Fragoso &#8211; double bass<br \/>\n<\/span><span style=\"font-weight: 400;\">Jo\u00e3o Sousa &#8211; drums<\/span><\/p>\n<p><b><br \/>\nAbout \u2018Garfo\u2019<\/b><\/p>\n<p class=\"statement\">&#8220;The quartet manages well to show that they are masters of the jazz tradition, with strong interplay and tight arrangements, in combination with fiercer interaction once in a while.&#8221;<\/p>\n<p><a href=\"https:\/\/www.freejazzblog.org\/2021\/07\/garfo-garfo-clean-feed-2021.html\"><span class=\"source\">Stef Gijssels, Free Jazz Blog<\/span><\/a><\/p>\n<p><iframe style=\"border: 0; width: 100%; height: 120px;\" src=\"https:\/\/bandcamp.com\/EmbeddedPlayer\/album=38783307\/size=large\/bgcol=ffffff\/linkcol=333333\/tracklist=false\/artwork=small\/transparent=true\/\" seamless=\"\"><a href=\"https:\/\/garfomusic.bandcamp.com\/album\/rdia\">\u00d3rdia by GARFO<\/a><\/iframe><\/p>\n<p>Press kit on demand.<\/p>\n<\/div>\n<\/div>\n","protected":false},"excerpt":{"rendered":"<p>\u2190 projects GARFO They play empathetic music, with intriguing structures and cross bars, with lots of free improvisation to open up horizons. Bernardo Tinoco &#8211; tenor saxophone Jo\u00e3o Almeida &#8211; trumpet Jo\u00e3o Fragoso &#8211; double bass Jo\u00e3o Sousa &#8211; drums About \u2018Garfo\u2019 &#8220;The quartet manages well to show that they are masters of the jazz [&hellip;]<\/p>\n","protected":false},"author":1,"featured_media":0,"parent":116,"menu_order":0,"comment_status":"closed","ping_status":"closed","template":"","meta":{"footnotes":""},"class_list":["post-133","page","type-page","status-publish","hentry"],"_links":{"self":[{"href":"https:\/\/joaoalmeida.eu\/index.php\/wp-json\/wp\/v2\/pages\/133","targetHints":{"allow":["GET"]}}],"collection":[{"href":"https:\/\/joaoalmeida.eu\/index.php\/wp-json\/wp\/v2\/pages"}],"about":[{"href":"https:\/\/joaoalmeida.eu\/index.php\/wp-json\/wp\/v2\/types\/page"}],"author":[{"embeddable":true,"href":"https:\/\/joaoalmeida.eu\/index.php\/wp-json\/wp\/v2\/users\/1"}],"replies":[{"embeddable":true,"href":"https:\/\/joaoalmeida.eu\/index.php\/wp-json\/wp\/v2\/comments?post=133"}],"version-history":[{"count":12,"href":"https:\/\/joaoalmeida.eu\/index.php\/wp-json\/wp\/v2\/pages\/133\/revisions"}],"predecessor-version":[{"id":450,"href":"https:\/\/joaoalmeida.eu\/index.php\/wp-json\/wp\/v2\/pages\/133\/revisions\/450"}],"up":[{"embeddable":true,"href":"https:\/\/joaoalmeida.eu\/index.php\/wp-json\/wp\/v2\/pages\/116"}],"wp:attachment":[{"href":"https:\/\/joaoalmeida.eu\/index.php\/wp-json\/wp\/v2\/media?parent=133"}],"curies":[{"name":"wp","href":"https:\/\/api.w.org\/{rel}","templated":true}]}}