{"id":116,"date":"2026-03-06T18:16:25","date_gmt":"2026-03-06T18:16:25","guid":{"rendered":"https:\/\/joaoalmeida.eu\/?page_id=116"},"modified":"2026-03-10T22:07:25","modified_gmt":"2026-03-10T22:07:25","slug":"projects","status":"publish","type":"page","link":"https:\/\/joaoalmeida.eu\/index.php\/projects\/","title":{"rendered":"projects"},"content":{"rendered":"<div style=\"padding: 60px 18px 80px; max-width: 620px; margin: 0 auto;\">\n<ul style=\"list-style: none; line-height: 2.1;\">\n<li><a style=\"text-decoration: underline;\" href=\"https:\/\/joaoalmeida.eu\/index.php\/projects\/projects_hocus\/\">HOCUS<\/a> \u2014 Amplified pocket trumpet<\/li>\n<li><a style=\"text-decoration: underline;\" href=\"https:\/\/joaoalmeida.eu\/index.php\/projects\/projects_peachfuzz\/\">Peachfuzz<\/a> \u2014 w\/ Norberto Lobo, Jo\u00e3o Lopes Pereira<\/li>\n<li><a style=\"text-decoration: underline;\" href=\"https:\/\/joaoalmeida.eu\/index.php\/projects\/project_garfo\/\">GARFO<\/a> \u2014 w\/ Bernardo Tinoco, Jo\u00e3o Fragoso and Jo\u00e3o Sousa<\/li>\n<li><a style=\"text-decoration: underline;\" href=\"https:\/\/joaoalmeida.eu\/index.php\/projects\/project_lucifecit\/\">Lucif\u00e9cit<\/a> \u2014 w\/ Jo\u00e3o Pereira, Norberto Lobo and Yaw Tembe<\/li>\n<\/ul>\n<\/div>\n<p>&nbsp;<\/p>\n","protected":false},"excerpt":{"rendered":"<p>HOCUS \u2014 Amplified pocket trumpet Peachfuzz \u2014 w\/ Norberto Lobo, Jo\u00e3o Lopes Pereira GARFO \u2014 w\/ Bernardo Tinoco, Jo\u00e3o Fragoso and Jo\u00e3o Sousa Lucif\u00e9cit \u2014 w\/ Jo\u00e3o Pereira, Norberto Lobo and Yaw Tembe &nbsp;<\/p>\n","protected":false},"author":1,"featured_media":0,"parent":0,"menu_order":0,"comment_status":"closed","ping_status":"closed","template":"","meta":{"footnotes":""},"class_list":["post-116","page","type-page","status-publish","hentry"],"_links":{"self":[{"href":"https:\/\/joaoalmeida.eu\/index.php\/wp-json\/wp\/v2\/pages\/116","targetHints":{"allow":["GET"]}}],"collection":[{"href":"https:\/\/joaoalmeida.eu\/index.php\/wp-json\/wp\/v2\/pages"}],"about":[{"href":"https:\/\/joaoalmeida.eu\/index.php\/wp-json\/wp\/v2\/types\/page"}],"author":[{"embeddable":true,"href":"https:\/\/joaoalmeida.eu\/index.php\/wp-json\/wp\/v2\/users\/1"}],"replies":[{"embeddable":true,"href":"https:\/\/joaoalmeida.eu\/index.php\/wp-json\/wp\/v2\/comments?post=116"}],"version-history":[{"count":12,"href":"https:\/\/joaoalmeida.eu\/index.php\/wp-json\/wp\/v2\/pages\/116\/revisions"}],"predecessor-version":[{"id":409,"href":"https:\/\/joaoalmeida.eu\/index.php\/wp-json\/wp\/v2\/pages\/116\/revisions\/409"}],"wp:attachment":[{"href":"https:\/\/joaoalmeida.eu\/index.php\/wp-json\/wp\/v2\/media?parent=116"}],"curies":[{"name":"wp","href":"https:\/\/api.w.org\/{rel}","templated":true}]}}